{"id":796,"date":"2018-01-15T13:48:11","date_gmt":"2018-01-15T11:48:11","guid":{"rendered":"http:\/\/www.weset-project.eu\/fr\/?page_id=796"},"modified":"2020-05-22T17:42:12","modified_gmt":"2020-05-22T15:42:12","slug":"activites-resultats","status":"publish","type":"page","link":"https:\/\/www.weset-project.eu\/fr\/activites-resultats\/","title":{"rendered":"Activit\u00e9s et R\u00e9sultats"},"content":{"rendered":"<input class=\"fooboxshare_post_id\" type=\"hidden\" value=\"796\"\/><p><img loading=\"lazy\" class=\"aligncenter size-full wp-image-798\" src=\"http:\/\/www.weset-project.eu\/wp-content\/uploads\/2018\/01\/cabecera-activites-resultats.jpg\" alt=\"\" width=\"1042\" height=\"350\" srcset=\"https:\/\/www.weset-project.eu\/wp-content\/uploads\/2018\/01\/cabecera-activites-resultats.jpg 1042w, https:\/\/www.weset-project.eu\/wp-content\/uploads\/2018\/01\/cabecera-activites-resultats-768x258.jpg 768w\" sizes=\"(max-width: 1042px) 100vw, 1042px\" \/><\/p>\n<h2>Le projet WESET vise \u00e0<\/h2>\n<ol>\n<li>\u00a0<strong>Transf\u00e9rer<\/strong> des connaissances et des technologies entre experts d&rsquo;institutions Europ\u00e9ennes, Egyptiennes et Tunisiennes dans le domaine de l&rsquo;ing\u00e9nierie \u00e9olienne.<\/li>\n<li><strong>Renforcer<\/strong> les liens entre les institutions acad\u00e9miques et l&rsquo;industrie afin de former les ing\u00e9nieurs aux comp\u00e9tences n\u00e9cessaires pour soutenir la croissance industrielle dans le secteur de l&rsquo;\u00e9nergie \u00e9olienne.<\/li>\n<li><strong>Promouvoir<\/strong> les normes du processus de Bologne dans la r\u00e9gion sud m\u00e9diterran\u00e9enne, en mettant l&rsquo;accent sur l&#8217;employabilit\u00e9.<\/li>\n<\/ol>\n<h2>Activit\u00e9s<\/h2>\n<ol>\n<li>Le consortium d\u00e9veloppera des <strong>modules et des laboratoires<\/strong> d\u2019exp\u00e9rimentation adapt\u00e9s au renforcement des capacit\u00e9s en \u00e9nergie \u00e9olienne pour l&rsquo;enseignement sur le campus en \u00c9gypte et en Tunisie, en liaison avec leurs industries nationales. Du mat\u00e9riel de formation sera produit pour quatre modules de master, en anglais et en fran\u00e7ais.<\/li>\n<li>Un test pilote du <strong>cursus de formation<\/strong> sera effectu\u00e9 dans les institutions partenaires Egyptiennes et Tunisiennes, avant d\u2019\u00eatre par la suite distribu\u00e9 et promu.<\/li>\n<li>Les membres du personnel acad\u00e9mique Egyptien et Tunisien et des \u00e9tudiants en master ayant un grand potentiel seront <strong>form\u00e9s en Europe<\/strong> en utilisant l&rsquo;approche \u2018Train the Trainer\u2019 dans le domaine de l&rsquo;ing\u00e9nierie \u00e9olienne en s\u2019appuyant sur le mat\u00e9riel de formation r\u00e9alis\u00e9.<\/li>\n<li><strong>Cinq centres d&rsquo;\u00e9nergie \u00e9olienne<\/strong> seront cr\u00e9\u00e9s (un dans chaque institution Egyptienne et Tunisienne). Le personnel form\u00e9 aidera les centres d&rsquo;\u00e9nergie \u00e9olienne \u00e0 soutenir le projet apr\u00e8s son ach\u00e8vement.<\/li>\n<\/ol>\n<h2>R\u00e9sultats attendus<\/h2>\n<ul>\n<li>Des<a href=\"https:\/\/www.weset-project.eu\/fr\/courses\/\"> <strong>modules de\u00a0<\/strong><strong>cours<\/strong><\/a>\u00a0seront cr\u00e9\u00e9s pour introduire l&rsquo;ing\u00e9nierie \u00e9olienne dans les \u00e9tablissements d&rsquo;enseignement sup\u00e9rieur \u00e9gyptiens et tunisiens, adapt\u00e9s \u00e0 leurs caract\u00e9ristiques sp\u00e9cifiques, qui seront test\u00e9s sur cinq \u00e9tablissements d&rsquo;enseignement sup\u00e9rieur des deux pays.<\/li>\n<li><strong>5 centres d&rsquo;ing\u00e9nierie \u00e9olienne<\/strong> seront cr\u00e9\u00e9s pour soutenir le d\u00e9veloppement de l&rsquo;ing\u00e9nierie \u00e9olienne en Egypte et en Tunisie aux niveaux acad\u00e9mique, industriel et officiel.<\/li>\n<\/ul>\n","protected":false},"excerpt":{"rendered":"<p>Le projet WESET vise \u00e0 \u00a0Transf\u00e9rer des connaissances et des technologies entre experts d&rsquo;institutions Europ\u00e9ennes, Egyptiennes et Tunisiennes dans le domaine de l&rsquo;ing\u00e9nierie \u00e9olienne. Renforcer les liens entre les institutions acad\u00e9miques et l&rsquo;industrie afin de former les ing\u00e9nieurs aux comp\u00e9tences n\u00e9cessaires pour soutenir la croissance industrielle dans le secteur de l&rsquo;\u00e9nergie \u00e9olienne. Promouvoir les normes [&hellip;]<\/p>\n","protected":false},"author":1450,"featured_media":798,"parent":0,"menu_order":4,"comment_status":"closed","ping_status":"closed","template":"","meta":{"_genesis_hide_title":false,"_genesis_hide_breadcrumbs":false,"_genesis_hide_singular_image":false,"_genesis_hide_footer_widgets":false,"_genesis_custom_body_class":"","_genesis_custom_post_class":"","_genesis_layout":"full-width-content"},"_links":{"self":[{"href":"https:\/\/www.weset-project.eu\/fr\/wp-json\/wp\/v2\/pages\/796"}],"collection":[{"href":"https:\/\/www.weset-project.eu\/fr\/wp-json\/wp\/v2\/pages"}],"about":[{"href":"https:\/\/www.weset-project.eu\/fr\/wp-json\/wp\/v2\/types\/page"}],"author":[{"embeddable":true,"href":"https:\/\/www.weset-project.eu\/fr\/wp-json\/wp\/v2\/users\/1450"}],"replies":[{"embeddable":true,"href":"https:\/\/www.weset-project.eu\/fr\/wp-json\/wp\/v2\/comments?post=796"}],"version-history":[{"count":4,"href":"https:\/\/www.weset-project.eu\/fr\/wp-json\/wp\/v2\/pages\/796\/revisions"}],"predecessor-version":[{"id":1299,"href":"https:\/\/www.weset-project.eu\/fr\/wp-json\/wp\/v2\/pages\/796\/revisions\/1299"}],"wp:featuredmedia":[{"embeddable":true,"href":"https:\/\/www.weset-project.eu\/fr\/wp-json\/wp\/v2\/media\/798"}],"wp:attachment":[{"href":"https:\/\/www.weset-project.eu\/fr\/wp-json\/wp\/v2\/media?parent=796"}],"curies":[{"name":"wp","href":"https:\/\/api.w.org\/{rel}","templated":true}]}}