{"id":788,"date":"2017-09-14T12:53:44","date_gmt":"2017-09-14T10:53:44","guid":{"rendered":"http:\/\/www.weset-project.eu\/fr\/about-weset\/"},"modified":"2019-12-12T09:45:07","modified_gmt":"2019-12-12T07:45:07","slug":"le-projet-weset","status":"publish","type":"page","link":"https:\/\/www.weset-project.eu\/fr\/le-projet-weset\/","title":{"rendered":"Le Projet WESET"},"content":{"rendered":"<input class=\"fooboxshare_post_id\" type=\"hidden\" value=\"788\"\/><p><img loading=\"lazy\" class=\"aligncenter size-full wp-image-790\" src=\"http:\/\/www.weset-project.eu\/wp-content\/uploads\/2018\/01\/cabecera-le-projet-weset.jpg\" alt=\"\" width=\"1042\" height=\"350\" srcset=\"https:\/\/www.weset-project.eu\/wp-content\/uploads\/2018\/01\/cabecera-le-projet-weset.jpg 1042w, https:\/\/www.weset-project.eu\/wp-content\/uploads\/2018\/01\/cabecera-le-projet-weset-768x258.jpg 768w\" sizes=\"(max-width: 1042px) 100vw, 1042px\" \/><\/p>\n<p>Le <strong>projet WESET<\/strong> est soutenu par le programme <strong>Erasmus +, Action 2, \u2018\u2019Renforcement des capacit\u00e9s dans l&rsquo;enseignement sup\u00e9rieur<\/strong>.\u2019\u2019\u2028Il suit les priorit\u00e9s identifi\u00e9es dans \u00abAccro\u00eetre l&rsquo;impact de la politique de d\u00e9veloppement de l&rsquo;UE: un programme pour le changement\u00bb et \u2018\u2019L&rsquo;enseignement sup\u00e9rieur europ\u00e9en dans le monde\u2019\u2019.\u2028Le projet contribuera \u00e0 r\u00e9duire le manque d&rsquo;ing\u00e9nieurs qualifi\u00e9s en ing\u00e9nierie \u00e9olienne en Egypte et en Tunisie.<\/p>\n<p>Le projet WESET soutient la strat\u00e9gie de <strong>modernisation, de d\u00e9veloppement et d&rsquo;internationalisation des institutions Egyptiennes et Tunisiennes partenaires<\/strong>, en alignant les masters avec les besoins de l&rsquo;industrie et de la soci\u00e9t\u00e9 et en cr\u00e9ant des liens avec les institutions europ\u00e9ennes.<\/p>\n<p>Le projet contribuera \u00e0 r\u00e9duire le <strong>manque d&rsquo;ing\u00e9nieurs qualifi\u00e9s en g\u00e9nie \u00e9olien en \u00c9gypte et en Tunisie<\/strong>, ce qui entrave l&rsquo;utilisation du vent comme source d&rsquo;\u00e9nergie fiable, rentable et non polluante.<\/p>\n<h2>Nouveaux modules pour les \u00e9tudiants en master<\/h2>\n<p>Des modules sp\u00e9cifiques en Wind Engineering seront cr\u00e9\u00e9s pour \u00eatre inclus dans les Masters en Ing\u00e9nierie existants. En outre, des mat\u00e9riels de formation et des laboratoires d\u2019exp\u00e9rimentation seront mis en place en Egypte et en Tunisie, ce qui favorisera les comp\u00e9tences des dipl\u00f4m\u00e9s de Master requises dans le secteur de l&rsquo;\u00e9nergie \u00e9olienne.<\/p>\n<p>Ces nouveaux programmes permettront aux dipl\u00f4m\u00e9s de rejoindre les industries de l&rsquo;\u00e9nergie \u00e9olienne avec une solide exp\u00e9rience et des connaissances suppl\u00e9mentaires, ce qui r\u00e9pondra aux besoins de l&rsquo;industrie. Les nouveaux programmes de troisi\u00e8me cycle doivent \u00e9tablir un lien avec l&rsquo;industrie pour produire des ing\u00e9nieurs ayant les comp\u00e9tences n\u00e9cessaires pour soutenir la croissance industrielle du secteur de l&rsquo;\u00e9nergie \u00e9olienne.<\/p>\n<p>&nbsp;<\/p>\n","protected":false},"excerpt":{"rendered":"<p>Le projet WESET est soutenu par le programme Erasmus +, Action 2, \u2018\u2019Renforcement des capacit\u00e9s dans l&rsquo;enseignement sup\u00e9rieur.\u2019\u2019\u2028Il suit les priorit\u00e9s identifi\u00e9es dans \u00abAccro\u00eetre l&rsquo;impact de la politique de d\u00e9veloppement de l&rsquo;UE: un programme pour le changement\u00bb et \u2018\u2019L&rsquo;enseignement sup\u00e9rieur europ\u00e9en dans le monde\u2019\u2019.\u2028Le projet contribuera \u00e0 r\u00e9duire le manque d&rsquo;ing\u00e9nieurs qualifi\u00e9s en ing\u00e9nierie \u00e9olienne [&hellip;]<\/p>\n","protected":false},"author":1450,"featured_media":790,"parent":0,"menu_order":2,"comment_status":"closed","ping_status":"closed","template":"","meta":{"_genesis_hide_title":false,"_genesis_hide_breadcrumbs":false,"_genesis_hide_singular_image":false,"_genesis_hide_footer_widgets":false,"_genesis_custom_body_class":"","_genesis_custom_post_class":"","_genesis_layout":"full-width-content"},"_links":{"self":[{"href":"https:\/\/www.weset-project.eu\/fr\/wp-json\/wp\/v2\/pages\/788"}],"collection":[{"href":"https:\/\/www.weset-project.eu\/fr\/wp-json\/wp\/v2\/pages"}],"about":[{"href":"https:\/\/www.weset-project.eu\/fr\/wp-json\/wp\/v2\/types\/page"}],"author":[{"embeddable":true,"href":"https:\/\/www.weset-project.eu\/fr\/wp-json\/wp\/v2\/users\/1450"}],"replies":[{"embeddable":true,"href":"https:\/\/www.weset-project.eu\/fr\/wp-json\/wp\/v2\/comments?post=788"}],"version-history":[{"count":2,"href":"https:\/\/www.weset-project.eu\/fr\/wp-json\/wp\/v2\/pages\/788\/revisions"}],"predecessor-version":[{"id":1118,"href":"https:\/\/www.weset-project.eu\/fr\/wp-json\/wp\/v2\/pages\/788\/revisions\/1118"}],"wp:featuredmedia":[{"embeddable":true,"href":"https:\/\/www.weset-project.eu\/fr\/wp-json\/wp\/v2\/media\/790"}],"wp:attachment":[{"href":"https:\/\/www.weset-project.eu\/fr\/wp-json\/wp\/v2\/media?parent=788"}],"curies":[{"name":"wp","href":"https:\/\/api.w.org\/{rel}","templated":true}]}}