{"id":1294,"date":"2020-05-22T17:37:53","date_gmt":"2020-05-22T15:37:53","guid":{"rendered":"http:\/\/www.weset-project.eu\/?page_id=1294"},"modified":"2020-05-22T17:37:53","modified_gmt":"2020-05-22T15:37:53","slug":"analyse-de-loffre","status":"publish","type":"page","link":"https:\/\/www.weset-project.eu\/fr\/analyse-de-loffre\/","title":{"rendered":"Analyse de l&rsquo;offre"},"content":{"rendered":"<input class=\"fooboxshare_post_id\" type=\"hidden\" value=\"1294\"\/><h2>Analyse de l&rsquo;offre des \u00e9tablissements d&rsquo;enseignement sup\u00e9rieur et des besoins du march\u00e9 du travail.<\/h2>\n<p>Le lot de travaux 1 vise \u00e0 cr\u00e9er le cadre dans lequel les activit\u00e9s du projet WESET seront mises en \u0153uvre. Afin d&rsquo;introduire des cours pertinents et de rendre l&rsquo;offre didactique innovante, une analyse des programmes, modules et installations actuels sur l&rsquo;\u00e9nergie \u00e9olienne sera r\u00e9alis\u00e9e.<\/p>\n<h3>R\u00e9sultats:<\/h3>\n<ul>\n<li><a href=\"http:\/\/www.weset-project.eu\/wp-content\/uploads\/2019\/08\/WP1_PUBLIC-REPORT-on-Needs-of-Labour-Market-2.0.pdf\" target=\"_blank\" rel=\"noopener noreferrer\">Rapport public sur les besoins du march\u00e9 du travail en g\u00e9nie \u00e9olien en Egypte et en Tunisie<\/a><\/li>\n<li><a href=\"http:\/\/www.weset-project.eu\/wp-content\/uploads\/2019\/08\/WP1_PUBLIC-REPORT-on-Academic-Offer-on-Wind-Engineering-2.0.pdf\" target=\"_blank\" rel=\"noopener noreferrer\">Rapport public offre didactique sur l&rsquo;\u00e9nergie \u00e9olienne dans les institutions partenaires de WESET<\/a><\/li>\n<\/ul>\n","protected":false},"excerpt":{"rendered":"<p>Analyse de l&rsquo;offre des \u00e9tablissements d&rsquo;enseignement sup\u00e9rieur et des besoins du march\u00e9 du travail. Le lot de travaux 1 vise \u00e0 cr\u00e9er le cadre dans lequel les activit\u00e9s du projet WESET seront mises en \u0153uvre. Afin d&rsquo;introduire des cours pertinents et de rendre l&rsquo;offre didactique innovante, une analyse des programmes, modules et installations actuels sur [&hellip;]<\/p>\n","protected":false},"author":1450,"featured_media":0,"parent":0,"menu_order":0,"comment_status":"closed","ping_status":"closed","template":"","meta":{"_genesis_hide_title":false,"_genesis_hide_breadcrumbs":false,"_genesis_hide_singular_image":false,"_genesis_hide_footer_widgets":false,"_genesis_custom_body_class":"","_genesis_custom_post_class":"","_genesis_layout":""},"_links":{"self":[{"href":"https:\/\/www.weset-project.eu\/fr\/wp-json\/wp\/v2\/pages\/1294"}],"collection":[{"href":"https:\/\/www.weset-project.eu\/fr\/wp-json\/wp\/v2\/pages"}],"about":[{"href":"https:\/\/www.weset-project.eu\/fr\/wp-json\/wp\/v2\/types\/page"}],"author":[{"embeddable":true,"href":"https:\/\/www.weset-project.eu\/fr\/wp-json\/wp\/v2\/users\/1450"}],"replies":[{"embeddable":true,"href":"https:\/\/www.weset-project.eu\/fr\/wp-json\/wp\/v2\/comments?post=1294"}],"version-history":[{"count":1,"href":"https:\/\/www.weset-project.eu\/fr\/wp-json\/wp\/v2\/pages\/1294\/revisions"}],"predecessor-version":[{"id":1295,"href":"https:\/\/www.weset-project.eu\/fr\/wp-json\/wp\/v2\/pages\/1294\/revisions\/1295"}],"wp:attachment":[{"href":"https:\/\/www.weset-project.eu\/fr\/wp-json\/wp\/v2\/media?parent=1294"}],"curies":[{"name":"wp","href":"https:\/\/api.w.org\/{rel}","templated":true}]}}