{"id":1179,"date":"2020-01-08T09:45:05","date_gmt":"2020-01-08T07:45:05","guid":{"rendered":"http:\/\/www.weset-project.eu\/?page_id=1179"},"modified":"2020-01-08T09:49:34","modified_gmt":"2020-01-08T07:49:34","slug":"special-mobility-strand","status":"publish","type":"page","link":"https:\/\/www.weset-project.eu\/fr\/special-mobility-strand\/","title":{"rendered":"Special Mobility Strand"},"content":{"rendered":"<input class=\"fooboxshare_post_id\" type=\"hidden\" value=\"1179\"\/><div class=\"main-wrap content-main-wrap\">\n<div class=\"content-wrap\">\n<p>&nbsp;<\/p>\n<div class=\"container layout-3-col layout-3-col-4 container post-template-1\">\n<div class=\"row main-section\">\n<div class=\"col-sm-7 content-column\">\n<div class=\"single-container\">\n<article id=\"post-47852\" class=\"post-47852 post type-post status-publish format-standard has-post-thumbnail category-actualites-de-sfax tag-appel-de-candidature tag-erasmus tag-pfe tag-projets-de-fin-detudes tag-wind-engineering-skills-in-egypt-and-tunisia tag-wiset single-post-content \">\n<div class=\"entry-content clearfix single-post-content\">\n<p>Dans le Cadre du projet WESET(Wind Engineering Skills in Egypt and Tunisia), qui est soutenu par le programme Erasmus +, Action 2, \u2018\u2019Renforcement des capacit\u00e9s dans l\u2019enseignement sup\u00e9rieur\u2019\u2019, des stages sont offerts pour effectuer des Projets de Fin d\u2019Etudes (PFE) d\u2019une dur\u00e9e de 5 mois en\u00a0<em>Europe.<\/em><br \/>\nLe projet WESET rentre dans le cadre de la strat\u00e9gie de modernisation, de d\u00e9veloppement et d\u2019internationalisation des institutions Egyptiennes et Tunisiennes. Le projet contribuera \u00e0 r\u00e9duire le manque d\u2019ing\u00e9nieurs qualifi\u00e9s en g\u00e9nie \u00e9olien, ce qui entrave l\u2019utilisation du vent comme source d\u2019\u00e9nergie fiable, rentable et non polluante suivant la d\u00e9claration de chef de projet Mohamed Chaabane.<br \/>\nLe projet Weset a lanc\u00e9 un appel \u00e0 la candidature pour le volet de mobilit\u00e9, vingt (20) bourses de mobilit\u00e9 pour effectuer des stages en Europe sont disponibles (dont quatre destin\u00e9es pour l\u2019Universit\u00e9 de Sfax). La date limite pour le d\u00e9p\u00f4t est fix\u00e9e pour le 09 janvier 2020 \u00e0 12 h 00. Toutes les informations sont disponibles sur les site web:https:\/\/wesetsms.uva.es\/<\/p>\n<p><img loading=\"lazy\" class=\"aligncenter wp-image-1180\" src=\"http:\/\/www.weset-project.eu\/wp-content\/uploads\/2020\/01\/weset-300x168.jpg\" alt=\"\" width=\"447\" height=\"249\" \/><\/p>\n<\/div>\n<\/article>\n<\/div>\n<\/div>\n<\/div>\n<\/div>\n<p>&nbsp;<\/p>\n<\/div>\n<\/div>\n","protected":false},"excerpt":{"rendered":"<p>&nbsp; Dans le Cadre du projet WESET(Wind Engineering Skills in Egypt and Tunisia), qui est soutenu par le programme Erasmus +, Action 2, \u2018\u2019Renforcement des capacit\u00e9s dans l\u2019enseignement sup\u00e9rieur\u2019\u2019, des stages sont offerts pour effectuer des Projets de Fin d\u2019Etudes (PFE) d\u2019une dur\u00e9e de 5 mois en\u00a0Europe. Le projet WESET rentre dans le cadre de [&hellip;]<\/p>\n","protected":false},"author":1450,"featured_media":0,"parent":0,"menu_order":0,"comment_status":"closed","ping_status":"closed","template":"","meta":{"_genesis_hide_title":false,"_genesis_hide_breadcrumbs":false,"_genesis_hide_singular_image":false,"_genesis_hide_footer_widgets":false,"_genesis_custom_body_class":"","_genesis_custom_post_class":"","_genesis_layout":""},"_links":{"self":[{"href":"https:\/\/www.weset-project.eu\/fr\/wp-json\/wp\/v2\/pages\/1179"}],"collection":[{"href":"https:\/\/www.weset-project.eu\/fr\/wp-json\/wp\/v2\/pages"}],"about":[{"href":"https:\/\/www.weset-project.eu\/fr\/wp-json\/wp\/v2\/types\/page"}],"author":[{"embeddable":true,"href":"https:\/\/www.weset-project.eu\/fr\/wp-json\/wp\/v2\/users\/1450"}],"replies":[{"embeddable":true,"href":"https:\/\/www.weset-project.eu\/fr\/wp-json\/wp\/v2\/comments?post=1179"}],"version-history":[{"count":4,"href":"https:\/\/www.weset-project.eu\/fr\/wp-json\/wp\/v2\/pages\/1179\/revisions"}],"predecessor-version":[{"id":1186,"href":"https:\/\/www.weset-project.eu\/fr\/wp-json\/wp\/v2\/pages\/1179\/revisions\/1186"}],"wp:attachment":[{"href":"https:\/\/www.weset-project.eu\/fr\/wp-json\/wp\/v2\/media?parent=1179"}],"curies":[{"name":"wp","href":"https:\/\/api.w.org\/{rel}","templated":true}]}}