{"id":1112,"date":"2019-12-12T09:40:39","date_gmt":"2019-12-12T07:40:39","guid":{"rendered":"http:\/\/www.weset-project.eu\/?page_id=1112"},"modified":"2020-05-22T17:41:40","modified_gmt":"2020-05-22T15:41:40","slug":"courses","status":"publish","type":"page","link":"https:\/\/www.weset-project.eu\/fr\/courses\/","title":{"rendered":"Courses"},"content":{"rendered":"<input class=\"fooboxshare_post_id\" type=\"hidden\" value=\"1112\"\/><p><img loading=\"lazy\" class=\"aligncenter size-medium wp-image-1083\" src=\"http:\/\/www.weset-project.eu\/wp-content\/uploads\/2017\/11\/weset-kick-off-meeting-tunisia-300x200.jpg\" alt=\"\" width=\"300\" height=\"200\" \/><\/p>\n<h2>D\u00e9veloppement de mat\u00e9riel de formation ouvert pour l&rsquo;apprentissage de l&rsquo;ing\u00e9nierie \u00e9olienne<\/h2>\n<p>Quatre modules seraient d\u00e9velopp\u00e9s et pourraient \u00eatre librement utilis\u00e9s par les enseignants des cours de Master Engineering dans les pays du sud de la M\u00e9diterran\u00e9e. Chacun des modules \u00e9quivaudrait \u00e0 3 ECTS: le module 1 serait obligatoire pour ces cours, tandis que les modules 2, 3 et 4 seraient totalement ind\u00e9pendants, pour plus de flexibilit\u00e9.<\/p>\n<h3>R\u00e9sultats:<\/h3>\n<ul>\n<li>1: <a href=\"http:\/\/www.weset-project.eu\/wp-content\/uploads\/2019\/12\/2.1-Fundamentals-of-Wind-Engineering-UVA-AASTMT.pdf\" target=\"_blank\" rel=\"noopener noreferrer\">Fondements de l&rsquo;ing\u00e9nierie \u00e9olienne<\/a><\/li>\n<li>2: <a href=\"http:\/\/www.weset-project.eu\/wp-content\/uploads\/2019\/12\/Mechanical-Systems-in-Wind-Engineering-WESET-Module-2.2.pdf\" target=\"_blank\" rel=\"noopener noreferrer\">Syst\u00e8mes m\u00e9caniques en g\u00e9nie \u00e9olien<\/a><\/li>\n<li>4: <a href=\"http:\/\/www.weset-project.eu\/wp-content\/uploads\/2019\/12\/2.4-Implementation-of-Wind-Energy-Systems-WESET.pdf\" target=\"_blank\" rel=\"noopener noreferrer\">Implantation de syst\u00e8mes d&rsquo;\u00e9nergie \u00e9olienne<\/a><\/li>\n<\/ul>\n","protected":false},"excerpt":{"rendered":"<p>D\u00e9veloppement de mat\u00e9riel de formation ouvert pour l&rsquo;apprentissage de l&rsquo;ing\u00e9nierie \u00e9olienne Quatre modules seraient d\u00e9velopp\u00e9s et pourraient \u00eatre librement utilis\u00e9s par les enseignants des cours de Master Engineering dans les pays du sud de la M\u00e9diterran\u00e9e. Chacun des modules \u00e9quivaudrait \u00e0 3 ECTS: le module 1 serait obligatoire pour ces cours, tandis que les modules [&hellip;]<\/p>\n","protected":false},"author":1450,"featured_media":0,"parent":0,"menu_order":0,"comment_status":"closed","ping_status":"closed","template":"","meta":{"_genesis_hide_title":false,"_genesis_hide_breadcrumbs":false,"_genesis_hide_singular_image":false,"_genesis_hide_footer_widgets":false,"_genesis_custom_body_class":"","_genesis_custom_post_class":"","_genesis_layout":"full-width-content"},"_links":{"self":[{"href":"https:\/\/www.weset-project.eu\/fr\/wp-json\/wp\/v2\/pages\/1112"}],"collection":[{"href":"https:\/\/www.weset-project.eu\/fr\/wp-json\/wp\/v2\/pages"}],"about":[{"href":"https:\/\/www.weset-project.eu\/fr\/wp-json\/wp\/v2\/types\/page"}],"author":[{"embeddable":true,"href":"https:\/\/www.weset-project.eu\/fr\/wp-json\/wp\/v2\/users\/1450"}],"replies":[{"embeddable":true,"href":"https:\/\/www.weset-project.eu\/fr\/wp-json\/wp\/v2\/comments?post=1112"}],"version-history":[{"count":6,"href":"https:\/\/www.weset-project.eu\/fr\/wp-json\/wp\/v2\/pages\/1112\/revisions"}],"predecessor-version":[{"id":1297,"href":"https:\/\/www.weset-project.eu\/fr\/wp-json\/wp\/v2\/pages\/1112\/revisions\/1297"}],"wp:attachment":[{"href":"https:\/\/www.weset-project.eu\/fr\/wp-json\/wp\/v2\/media?parent=1112"}],"curies":[{"name":"wp","href":"https:\/\/api.w.org\/{rel}","templated":true}]}}