{"id":1067,"date":"2019-12-11T14:48:34","date_gmt":"2019-12-11T12:48:34","guid":{"rendered":"http:\/\/www.weset-project.eu\/?page_id=1067"},"modified":"2019-12-12T10:59:27","modified_gmt":"2019-12-12T08:59:27","slug":"newsletters","status":"publish","type":"page","link":"https:\/\/www.weset-project.eu\/fr\/newsletters\/","title":{"rendered":"Newsletters"},"content":{"rendered":"<input class=\"fooboxshare_post_id\" type=\"hidden\" value=\"1067\"\/><h2><strong>WESET NEWS LETTER <\/strong><\/h2>\n<ul>\n<li>Num\u00e9ro 1: septembre 2018. Nous sommes heureux de vous pr\u00e9senter notre premier num\u00e9ro du bulletin WEST! Cliquez simplement sur <a href=\"http:\/\/www.weset-project.eu\/wp-content\/uploads\/2019\/12\/WESET-News-Letter.pdf\" target=\"_blank\" rel=\"noopener noreferrer\">ce lien pour tout s<\/a>avoir<\/li>\n<\/ul>\n<p><a href=\"http:\/\/www.weset-project.eu\/wp-content\/uploads\/2019\/12\/WESET-News-Letter.pdf\" target=\"_blank\" rel=\"noopener noreferrer\"><img loading=\"lazy\" class=\"aligncenter size-medium wp-image-1107\" src=\"http:\/\/www.weset-project.eu\/wp-content\/uploads\/2017\/09\/featured-03-300x113.jpg\" alt=\"\" width=\"300\" height=\"113\" \/><\/a><\/p>\n","protected":false},"excerpt":{"rendered":"<p>WESET NEWS LETTER Num\u00e9ro 1: septembre 2018. Nous sommes heureux de vous pr\u00e9senter notre premier num\u00e9ro du bulletin WEST! Cliquez simplement sur ce lien pour tout savoir<\/p>\n","protected":false},"author":1450,"featured_media":0,"parent":0,"menu_order":6,"comment_status":"closed","ping_status":"closed","template":"page_blog.php","meta":{"_genesis_hide_title":false,"_genesis_hide_breadcrumbs":false,"_genesis_hide_singular_image":false,"_genesis_hide_footer_widgets":false,"_genesis_custom_body_class":"","_genesis_custom_post_class":"","_genesis_layout":"full-width-content"},"_links":{"self":[{"href":"https:\/\/www.weset-project.eu\/fr\/wp-json\/wp\/v2\/pages\/1067"}],"collection":[{"href":"https:\/\/www.weset-project.eu\/fr\/wp-json\/wp\/v2\/pages"}],"about":[{"href":"https:\/\/www.weset-project.eu\/fr\/wp-json\/wp\/v2\/types\/page"}],"author":[{"embeddable":true,"href":"https:\/\/www.weset-project.eu\/fr\/wp-json\/wp\/v2\/users\/1450"}],"replies":[{"embeddable":true,"href":"https:\/\/www.weset-project.eu\/fr\/wp-json\/wp\/v2\/comments?post=1067"}],"version-history":[{"count":5,"href":"https:\/\/www.weset-project.eu\/fr\/wp-json\/wp\/v2\/pages\/1067\/revisions"}],"predecessor-version":[{"id":1127,"href":"https:\/\/www.weset-project.eu\/fr\/wp-json\/wp\/v2\/pages\/1067\/revisions\/1127"}],"wp:attachment":[{"href":"https:\/\/www.weset-project.eu\/fr\/wp-json\/wp\/v2\/media?parent=1067"}],"curies":[{"name":"wp","href":"https:\/\/api.w.org\/{rel}","templated":true}]}}